{"id":143,"date":"2011-06-27T19:08:29","date_gmt":"2011-06-27T19:08:29","guid":{"rendered":"https:\/\/red.pucp.edu.pe\/ridei\/?page_id=143"},"modified":"2013-09-18T10:33:32","modified_gmt":"2013-09-18T15:33:32","slug":"reglamentos","status":"publish","type":"page","link":"https:\/\/red.pucp.edu.pe\/ridei\/sobre-ridei\/reglamentos\/","title":{"rendered":"Reglamentos"},"content":{"rendered":"<ol>\n<li>La Red Internacional de Estudios Interculturales (RIDEI) es una agrupaci\u00f3n integrada por profesionales interesados en el estudio del tema de la interculturalidad y afines.<\/li>\n<li>Son universidades e instituciones especializadas fundadoras de la red aquellas que han participado y colaborado activamente en la fundaci\u00f3n e implementaci\u00f3n de la RIDEI.<\/li>\n<li>Son instituciones auspiciadoras de la RIDEI aquellas que anualmente contribuyen con un aporte econ\u00f3mico a sus fines.<\/li>\n<li>Son miembros de la RIDEI todos aquellos profesionales, estudiantes y p\u00fablico en general que se inscriban voluntariamente.<\/li>\n<li>Todo miembro puede contribuir al desarrollo de la RIDEI con ideas, sugerencias, art\u00edculos, noticias, etc.<\/li>\n<li>Se pierde la condici\u00f3n de miembro de la RIDEI si se usan sus espacios con fines partidarios, proselitistas, comerciales, pornogr\u00e1ficos, difamadores y otros que se consideren contrarios a los fines de la red.<\/li>\n<li>Para que una instituci\u00f3n se postule como miembro de la red, debe ser presentada a la\u00a0<a href=\"http:\/\/test.pucp.edu.pe\/ridei\/maqueta\/index-sobre-ridei_reglamentos.html#\">instituci\u00f3n coordinadora<\/a>\u00a0por una de las\u00a0<a href=\"http:\/\/test.pucp.edu.pe\/ridei\/maqueta\/index-sobre-ridei_reglamentos.html#\">instituciones fundadoras<\/a>.<\/li>\n<li>La coordinaci\u00f3n y el mantenimiento de la red estar\u00e1n a cargo de una de las instituciones que la conforman por un lapso de dos a\u00f1os; cabe precisar que esta funci\u00f3n puede renovarse.<\/li>\n<li>La decisi\u00f3n sobre los puntos 6, 7 y 8 est\u00e1 a cargo de la instituci\u00f3n coordinadora.<\/li>\n<li>La designaci\u00f3n de la instituci\u00f3n coordinadora se realizar\u00e1 con el acuerdo de las instituciones fundadoras de la red.<\/li>\n<\/ol>\n<p><a href=\"https:\/\/red.pucp.edu.pe\/ridei\/files\/2011\/06\/logo-lafrontera.gif\"><img loading=\"lazy\" decoding=\"async\" class=\"alignnone size-full wp-image-21997\" alt=\"logo-lafrontera\" src=\"https:\/\/red.pucp.edu.pe\/ridei\/files\/2011\/06\/logo-lafrontera.gif\" width=\"95\" height=\"80\" \/><\/a><\/p>\n","protected":false},"excerpt":{"rendered":"<p>La Red Internacional de Estudios Interculturales (RIDEI) es una agrupaci\u00f3n integrada por profesionales interesados en el estudio del tema de la interculturalidad y afines. Son universidades e instituciones especializadas fundadoras de la red aquellas que han participado y colaborado activamente en la fundaci\u00f3n e implementaci\u00f3n de la RIDEI. Son instituciones auspiciadoras de la RIDEI aquellas que anualmente contribuyen con un aporte econ\u00f3mico a sus fines. Son miembros de la RIDEI todos aquellos profesionales, estudiantes y p\u00fablico en general que se inscriban voluntariamente. Todo miembro puede contribuir al desarrollo de la RIDEI con ideas, sugerencias, art\u00edculos, noticias, etc. Se pierde la condici\u00f3n de miembro de la RIDEI si se usan sus espacios con fines partidarios, proselitistas, comerciales, pornogr\u00e1ficos, difamadores y otros que se consideren contrarios a los fines de la red. Para que una instituci\u00f3n se postule como miembro de la red, debe ser presentada a la\u00a0instituci\u00f3n coordinadora\u00a0por una de las\u00a0instituciones [&hellip;]<\/p>\n","protected":false},"author":1,"featured_media":0,"parent":21978,"menu_order":2,"comment_status":"open","ping_status":"open","template":"","meta":{"footnotes":""},"class_list":["post-143","page","type-page","status-publish","hentry"],"yoast_head":"<!-- This site is optimized with the Yoast SEO plugin v24.5 - https:\/\/yoast.com\/wordpress\/plugins\/seo\/ -->\n<title>Reglamentos - PUCP | RIDEI<\/title>\n<meta name=\"robots\" content=\"index, follow, max-snippet:-1, max-image-preview:large, max-video-preview:-1\" \/>\n<link rel=\"canonical\" href=\"https:\/\/red.pucp.edu.pe\/ridei\/sobre-ridei\/reglamentos\/\" \/>\n<meta property=\"og:locale\" content=\"es_ES\" \/>\n<meta property=\"og:type\" content=\"article\" \/>\n<meta property=\"og:title\" content=\"Reglamentos - PUCP | RIDEI\" \/>\n<meta property=\"og:description\" content=\"La Red Internacional de Estudios Interculturales (RIDEI) es una agrupaci\u00f3n integrada por profesionales interesados en el estudio del tema de la interculturalidad y afines. Son universidades e instituciones especializadas fundadoras de la red aquellas que han participado y colaborado activamente en la fundaci\u00f3n e implementaci\u00f3n de la RIDEI. Son instituciones auspiciadoras de la RIDEI aquellas que anualmente contribuyen con un aporte econ\u00f3mico a sus fines. Son miembros de la RIDEI todos aquellos profesionales, estudiantes y p\u00fablico en general que se inscriban voluntariamente. Todo miembro puede contribuir al desarrollo de la RIDEI con ideas, sugerencias, art\u00edculos, noticias, etc. Se pierde la condici\u00f3n de miembro de la RIDEI si se usan sus espacios con fines partidarios, proselitistas, comerciales, pornogr\u00e1ficos, difamadores y otros que se consideren contrarios a los fines de la red. Para que una instituci\u00f3n se postule como miembro de la red, debe ser presentada a la\u00a0instituci\u00f3n coordinadora\u00a0por una de las\u00a0instituciones [&hellip;]\" \/>\n<meta property=\"og:url\" content=\"https:\/\/red.pucp.edu.pe\/ridei\/sobre-ridei\/reglamentos\/\" \/>\n<meta property=\"og:site_name\" content=\"PUCP | RIDEI\" \/>\n<meta property=\"article:modified_time\" content=\"2013-09-18T15:33:32+00:00\" \/>\n<meta property=\"og:image\" content=\"https:\/\/red.pucp.edu.pe\/ridei\/files\/2011\/06\/logo-lafrontera.gif\" \/>\n<meta name=\"twitter:card\" content=\"summary_large_image\" \/>\n<meta name=\"twitter:label1\" content=\"Tiempo de lectura\" \/>\n\t<meta name=\"twitter:data1\" content=\"1 minuto\" \/>\n<script type=\"application\/ld+json\" class=\"yoast-schema-graph\">{\"@context\":\"https:\/\/schema.org\",\"@graph\":[{\"@type\":\"WebPage\",\"@id\":\"https:\/\/red.pucp.edu.pe\/ridei\/sobre-ridei\/reglamentos\/\",\"url\":\"https:\/\/red.pucp.edu.pe\/ridei\/sobre-ridei\/reglamentos\/\",\"name\":\"Reglamentos - PUCP | RIDEI\",\"isPartOf\":{\"@id\":\"https:\/\/red.pucp.edu.pe\/ridei\/#website\"},\"primaryImageOfPage\":{\"@id\":\"https:\/\/red.pucp.edu.pe\/ridei\/sobre-ridei\/reglamentos\/#primaryimage\"},\"image\":{\"@id\":\"https:\/\/red.pucp.edu.pe\/ridei\/sobre-ridei\/reglamentos\/#primaryimage\"},\"thumbnailUrl\":\"https:\/\/red.pucp.edu.pe\/ridei\/files\/2011\/06\/logo-lafrontera.gif\",\"datePublished\":\"2011-06-27T19:08:29+00:00\",\"dateModified\":\"2013-09-18T15:33:32+00:00\",\"breadcrumb\":{\"@id\":\"https:\/\/red.pucp.edu.pe\/ridei\/sobre-ridei\/reglamentos\/#breadcrumb\"},\"inLanguage\":\"es\",\"potentialAction\":[{\"@type\":\"ReadAction\",\"target\":[\"https:\/\/red.pucp.edu.pe\/ridei\/sobre-ridei\/reglamentos\/\"]}]},{\"@type\":\"ImageObject\",\"inLanguage\":\"es\",\"@id\":\"https:\/\/red.pucp.edu.pe\/ridei\/sobre-ridei\/reglamentos\/#primaryimage\",\"url\":\"https:\/\/red.pucp.edu.pe\/ridei\/files\/2011\/06\/logo-lafrontera.gif\",\"contentUrl\":\"https:\/\/red.pucp.edu.pe\/ridei\/files\/2011\/06\/logo-lafrontera.gif\",\"width\":95,\"height\":80},{\"@type\":\"BreadcrumbList\",\"@id\":\"https:\/\/red.pucp.edu.pe\/ridei\/sobre-ridei\/reglamentos\/#breadcrumb\",\"itemListElement\":[{\"@type\":\"ListItem\",\"position\":1,\"name\":\"Portada\",\"item\":\"https:\/\/red.pucp.edu.pe\/ridei\/\"},{\"@type\":\"ListItem\",\"position\":2,\"name\":\"Sobre RIDEI\",\"item\":\"https:\/\/red.pucp.edu.pe\/ridei\/sobre-ridei\/\"},{\"@type\":\"ListItem\",\"position\":3,\"name\":\"Reglamentos\"}]},{\"@type\":\"WebSite\",\"@id\":\"https:\/\/red.pucp.edu.pe\/ridei\/#website\",\"url\":\"https:\/\/red.pucp.edu.pe\/ridei\/\",\"name\":\"PUCP | RIDEI\",\"description\":\"Red Internacional de estudios Interculturales\",\"potentialAction\":[{\"@type\":\"SearchAction\",\"target\":{\"@type\":\"EntryPoint\",\"urlTemplate\":\"https:\/\/red.pucp.edu.pe\/ridei\/?s={search_term_string}\"},\"query-input\":{\"@type\":\"PropertyValueSpecification\",\"valueRequired\":true,\"valueName\":\"search_term_string\"}}],\"inLanguage\":\"es\"}]}<\/script>\n<!-- \/ Yoast SEO plugin. -->","yoast_head_json":{"title":"Reglamentos - PUCP | RIDEI","robots":{"index":"index","follow":"follow","max-snippet":"max-snippet:-1","max-image-preview":"max-image-preview:large","max-video-preview":"max-video-preview:-1"},"canonical":"https:\/\/red.pucp.edu.pe\/ridei\/sobre-ridei\/reglamentos\/","og_locale":"es_ES","og_type":"article","og_title":"Reglamentos - PUCP | RIDEI","og_description":"La Red Internacional de Estudios Interculturales (RIDEI) es una agrupaci\u00f3n integrada por profesionales interesados en el estudio del tema de la interculturalidad y afines. Son universidades e instituciones especializadas fundadoras de la red aquellas que han participado y colaborado activamente en la fundaci\u00f3n e implementaci\u00f3n de la RIDEI. Son instituciones auspiciadoras de la RIDEI aquellas que anualmente contribuyen con un aporte econ\u00f3mico a sus fines. Son miembros de la RIDEI todos aquellos profesionales, estudiantes y p\u00fablico en general que se inscriban voluntariamente. Todo miembro puede contribuir al desarrollo de la RIDEI con ideas, sugerencias, art\u00edculos, noticias, etc. Se pierde la condici\u00f3n de miembro de la RIDEI si se usan sus espacios con fines partidarios, proselitistas, comerciales, pornogr\u00e1ficos, difamadores y otros que se consideren contrarios a los fines de la red. Para que una instituci\u00f3n se postule como miembro de la red, debe ser presentada a la\u00a0instituci\u00f3n coordinadora\u00a0por una de las\u00a0instituciones [&hellip;]","og_url":"https:\/\/red.pucp.edu.pe\/ridei\/sobre-ridei\/reglamentos\/","og_site_name":"PUCP | RIDEI","article_modified_time":"2013-09-18T15:33:32+00:00","og_image":[{"url":"https:\/\/red.pucp.edu.pe\/ridei\/files\/2011\/06\/logo-lafrontera.gif","type":"","width":"","height":""}],"twitter_card":"summary_large_image","twitter_misc":{"Tiempo de lectura":"1 minuto"},"schema":{"@context":"https:\/\/schema.org","@graph":[{"@type":"WebPage","@id":"https:\/\/red.pucp.edu.pe\/ridei\/sobre-ridei\/reglamentos\/","url":"https:\/\/red.pucp.edu.pe\/ridei\/sobre-ridei\/reglamentos\/","name":"Reglamentos - PUCP | RIDEI","isPartOf":{"@id":"https:\/\/red.pucp.edu.pe\/ridei\/#website"},"primaryImageOfPage":{"@id":"https:\/\/red.pucp.edu.pe\/ridei\/sobre-ridei\/reglamentos\/#primaryimage"},"image":{"@id":"https:\/\/red.pucp.edu.pe\/ridei\/sobre-ridei\/reglamentos\/#primaryimage"},"thumbnailUrl":"https:\/\/red.pucp.edu.pe\/ridei\/files\/2011\/06\/logo-lafrontera.gif","datePublished":"2011-06-27T19:08:29+00:00","dateModified":"2013-09-18T15:33:32+00:00","breadcrumb":{"@id":"https:\/\/red.pucp.edu.pe\/ridei\/sobre-ridei\/reglamentos\/#breadcrumb"},"inLanguage":"es","potentialAction":[{"@type":"ReadAction","target":["https:\/\/red.pucp.edu.pe\/ridei\/sobre-ridei\/reglamentos\/"]}]},{"@type":"ImageObject","inLanguage":"es","@id":"https:\/\/red.pucp.edu.pe\/ridei\/sobre-ridei\/reglamentos\/#primaryimage","url":"https:\/\/red.pucp.edu.pe\/ridei\/files\/2011\/06\/logo-lafrontera.gif","contentUrl":"https:\/\/red.pucp.edu.pe\/ridei\/files\/2011\/06\/logo-lafrontera.gif","width":95,"height":80},{"@type":"BreadcrumbList","@id":"https:\/\/red.pucp.edu.pe\/ridei\/sobre-ridei\/reglamentos\/#breadcrumb","itemListElement":[{"@type":"ListItem","position":1,"name":"Portada","item":"https:\/\/red.pucp.edu.pe\/ridei\/"},{"@type":"ListItem","position":2,"name":"Sobre RIDEI","item":"https:\/\/red.pucp.edu.pe\/ridei\/sobre-ridei\/"},{"@type":"ListItem","position":3,"name":"Reglamentos"}]},{"@type":"WebSite","@id":"https:\/\/red.pucp.edu.pe\/ridei\/#website","url":"https:\/\/red.pucp.edu.pe\/ridei\/","name":"PUCP | RIDEI","description":"Red Internacional de estudios Interculturales","potentialAction":[{"@type":"SearchAction","target":{"@type":"EntryPoint","urlTemplate":"https:\/\/red.pucp.edu.pe\/ridei\/?s={search_term_string}"},"query-input":{"@type":"PropertyValueSpecification","valueRequired":true,"valueName":"search_term_string"}}],"inLanguage":"es"}]}},"_links":{"self":[{"href":"https:\/\/red.pucp.edu.pe\/ridei\/wp-json\/wp\/v2\/pages\/143","targetHints":{"allow":["GET"]}}],"collection":[{"href":"https:\/\/red.pucp.edu.pe\/ridei\/wp-json\/wp\/v2\/pages"}],"about":[{"href":"https:\/\/red.pucp.edu.pe\/ridei\/wp-json\/wp\/v2\/types\/page"}],"author":[{"embeddable":true,"href":"https:\/\/red.pucp.edu.pe\/ridei\/wp-json\/wp\/v2\/users\/1"}],"replies":[{"embeddable":true,"href":"https:\/\/red.pucp.edu.pe\/ridei\/wp-json\/wp\/v2\/comments?post=143"}],"version-history":[{"count":0,"href":"https:\/\/red.pucp.edu.pe\/ridei\/wp-json\/wp\/v2\/pages\/143\/revisions"}],"up":[{"embeddable":true,"href":"https:\/\/red.pucp.edu.pe\/ridei\/wp-json\/wp\/v2\/pages\/21978"}],"wp:attachment":[{"href":"https:\/\/red.pucp.edu.pe\/ridei\/wp-json\/wp\/v2\/media?parent=143"}],"curies":[{"name":"wp","href":"https:\/\/api.w.org\/{rel}","templated":true}]}}