{"id":124,"date":"2011-06-27T17:24:59","date_gmt":"2011-06-27T17:24:59","guid":{"rendered":"https:\/\/red.pucp.edu.pe\/ridei\/?page_id=124"},"modified":"2013-09-10T13:47:37","modified_gmt":"2013-09-10T18:47:37","slug":"quienessomos","status":"publish","type":"page","link":"https:\/\/red.pucp.edu.pe\/ridei\/sobre-ridei\/quienessomos\/","title":{"rendered":"Qui\u00e9nes somos"},"content":{"rendered":"<p>El grupo de la Red Internacional de Estudios Interculturales de la Universidad Cat\u00f3lica (RIDEI-PUCP) es un equipo interdisciplinario que realiza investigaciones sobre el ejercicio de la ciudadan\u00eda en contextos de diversidad cultural y promueve acciones de educaci\u00f3n intercultural en diversos campos de la vida social.<\/p>\n<p>Incentivamos y organizamos nuestro quehacer en redes y alianzas institucionales que nos permiten desarrollar proyectos y actividades orientadas a promover cambios a mediano y largo plazo dirigidos a construir una sociedad m\u00e1s justa, en la que la convivencia se alimente del aprendizaje mutuo y sin prejuicios entre grupos y personas de or\u00edgenes sociales y culturales diferentes.<\/p>\n<h2>Objetivos<\/h2>\n<p>Son objetivos de la red:<\/p>\n<ul>\n<li>Promover la difusi\u00f3n y el intercambio de ideas y experiencias en el \u00e1mbito internacional sobre los retos de la realidad multiling\u00fce y pluricultural latinoamericana y del mundo.<\/li>\n<li>Generar un espacio de debate y an\u00e1lisis sobre la diversidad ling\u00fc\u00edstica y cultural tanto en sus aspectos te\u00f3ricos como program\u00e1ticos.<\/li>\n<li>Establecer y reforzar canales de informaci\u00f3n y cooperaci\u00f3n mutua entre los pueblos ind\u00edgenas, los Estados, la sociedad civil y la cooperaci\u00f3n internacional comprometida con el desarrollo de los pueblos ind\u00edgenas.<\/li>\n<li>Reforzar las siguientes l\u00edneas de estudio relacaion\u00e1ndolas con el tema central de la interculturalidad:\n<ul>\n<li>Filosof\u00eda intercultural<\/li>\n<li>Ling\u00fc\u00edstica aplicada<\/li>\n<li>Comunicaci\u00f3n intercultural<\/li>\n<li>Pluralismo jur\u00eddico<\/li>\n<li>Antropolog\u00eda pol\u00edtica<\/li>\n<li>Etnohistoria<\/li>\n<li>Educaci\u00f3n Biling\u00fce Intercultural<\/li>\n<\/ul>\n<\/li>\n<\/ul>\n","protected":false},"excerpt":{"rendered":"<p>El grupo de la Red Internacional de Estudios Interculturales de la Universidad Cat\u00f3lica (RIDEI-PUCP) es un equipo interdisciplinario que realiza investigaciones sobre el ejercicio de la ciudadan\u00eda en contextos de diversidad cultural y promueve acciones de educaci\u00f3n intercultural en diversos campos de la vida social. Incentivamos y organizamos nuestro quehacer en redes y alianzas institucionales que nos permiten desarrollar proyectos y actividades orientadas a promover cambios a mediano y largo plazo dirigidos a construir una sociedad m\u00e1s justa, en la que la convivencia se alimente del aprendizaje mutuo y sin prejuicios entre grupos y personas de or\u00edgenes sociales y culturales diferentes. Objetivos Son objetivos de la red: Promover la difusi\u00f3n y el intercambio de ideas y experiencias en el \u00e1mbito internacional sobre los retos de la realidad multiling\u00fce y pluricultural latinoamericana y del mundo. Generar un espacio de debate y an\u00e1lisis sobre la diversidad ling\u00fc\u00edstica y cultural tanto en sus [&hellip;]<\/p>\n","protected":false},"author":1,"featured_media":0,"parent":21978,"menu_order":1,"comment_status":"open","ping_status":"open","template":"page-quienes.php","meta":{"footnotes":""},"class_list":["post-124","page","type-page","status-publish","hentry"],"yoast_head":"<!-- This site is optimized with the Yoast SEO plugin v24.5 - https:\/\/yoast.com\/wordpress\/plugins\/seo\/ -->\n<title>Qui\u00e9nes somos - PUCP | RIDEI<\/title>\n<meta name=\"robots\" content=\"index, follow, max-snippet:-1, max-image-preview:large, max-video-preview:-1\" \/>\n<link rel=\"canonical\" href=\"https:\/\/red.pucp.edu.pe\/ridei\/sobre-ridei\/quienessomos\/\" \/>\n<meta property=\"og:locale\" content=\"es_ES\" \/>\n<meta property=\"og:type\" content=\"article\" \/>\n<meta property=\"og:title\" content=\"Qui\u00e9nes somos - PUCP | RIDEI\" \/>\n<meta property=\"og:description\" content=\"El grupo de la Red Internacional de Estudios Interculturales de la Universidad Cat\u00f3lica (RIDEI-PUCP) es un equipo interdisciplinario que realiza investigaciones sobre el ejercicio de la ciudadan\u00eda en contextos de diversidad cultural y promueve acciones de educaci\u00f3n intercultural en diversos campos de la vida social. Incentivamos y organizamos nuestro quehacer en redes y alianzas institucionales que nos permiten desarrollar proyectos y actividades orientadas a promover cambios a mediano y largo plazo dirigidos a construir una sociedad m\u00e1s justa, en la que la convivencia se alimente del aprendizaje mutuo y sin prejuicios entre grupos y personas de or\u00edgenes sociales y culturales diferentes. Objetivos Son objetivos de la red: Promover la difusi\u00f3n y el intercambio de ideas y experiencias en el \u00e1mbito internacional sobre los retos de la realidad multiling\u00fce y pluricultural latinoamericana y del mundo. Generar un espacio de debate y an\u00e1lisis sobre la diversidad ling\u00fc\u00edstica y cultural tanto en sus [&hellip;]\" \/>\n<meta property=\"og:url\" content=\"https:\/\/red.pucp.edu.pe\/ridei\/sobre-ridei\/quienessomos\/\" \/>\n<meta property=\"og:site_name\" content=\"PUCP | RIDEI\" \/>\n<meta property=\"article:modified_time\" content=\"2013-09-10T18:47:37+00:00\" \/>\n<meta name=\"twitter:card\" content=\"summary_large_image\" \/>\n<meta name=\"twitter:label1\" content=\"Tiempo de lectura\" \/>\n\t<meta name=\"twitter:data1\" content=\"1 minuto\" \/>\n<script type=\"application\/ld+json\" class=\"yoast-schema-graph\">{\"@context\":\"https:\/\/schema.org\",\"@graph\":[{\"@type\":\"WebPage\",\"@id\":\"https:\/\/red.pucp.edu.pe\/ridei\/sobre-ridei\/quienessomos\/\",\"url\":\"https:\/\/red.pucp.edu.pe\/ridei\/sobre-ridei\/quienessomos\/\",\"name\":\"Qui\u00e9nes somos - PUCP | RIDEI\",\"isPartOf\":{\"@id\":\"https:\/\/red.pucp.edu.pe\/ridei\/#website\"},\"datePublished\":\"2011-06-27T17:24:59+00:00\",\"dateModified\":\"2013-09-10T18:47:37+00:00\",\"breadcrumb\":{\"@id\":\"https:\/\/red.pucp.edu.pe\/ridei\/sobre-ridei\/quienessomos\/#breadcrumb\"},\"inLanguage\":\"es\",\"potentialAction\":[{\"@type\":\"ReadAction\",\"target\":[\"https:\/\/red.pucp.edu.pe\/ridei\/sobre-ridei\/quienessomos\/\"]}]},{\"@type\":\"BreadcrumbList\",\"@id\":\"https:\/\/red.pucp.edu.pe\/ridei\/sobre-ridei\/quienessomos\/#breadcrumb\",\"itemListElement\":[{\"@type\":\"ListItem\",\"position\":1,\"name\":\"Portada\",\"item\":\"https:\/\/red.pucp.edu.pe\/ridei\/\"},{\"@type\":\"ListItem\",\"position\":2,\"name\":\"Sobre RIDEI\",\"item\":\"https:\/\/red.pucp.edu.pe\/ridei\/sobre-ridei\/\"},{\"@type\":\"ListItem\",\"position\":3,\"name\":\"Qui\u00e9nes somos\"}]},{\"@type\":\"WebSite\",\"@id\":\"https:\/\/red.pucp.edu.pe\/ridei\/#website\",\"url\":\"https:\/\/red.pucp.edu.pe\/ridei\/\",\"name\":\"PUCP | RIDEI\",\"description\":\"Red Internacional de estudios Interculturales\",\"potentialAction\":[{\"@type\":\"SearchAction\",\"target\":{\"@type\":\"EntryPoint\",\"urlTemplate\":\"https:\/\/red.pucp.edu.pe\/ridei\/?s={search_term_string}\"},\"query-input\":{\"@type\":\"PropertyValueSpecification\",\"valueRequired\":true,\"valueName\":\"search_term_string\"}}],\"inLanguage\":\"es\"}]}<\/script>\n<!-- \/ Yoast SEO plugin. -->","yoast_head_json":{"title":"Qui\u00e9nes somos - PUCP | RIDEI","robots":{"index":"index","follow":"follow","max-snippet":"max-snippet:-1","max-image-preview":"max-image-preview:large","max-video-preview":"max-video-preview:-1"},"canonical":"https:\/\/red.pucp.edu.pe\/ridei\/sobre-ridei\/quienessomos\/","og_locale":"es_ES","og_type":"article","og_title":"Qui\u00e9nes somos - PUCP | RIDEI","og_description":"El grupo de la Red Internacional de Estudios Interculturales de la Universidad Cat\u00f3lica (RIDEI-PUCP) es un equipo interdisciplinario que realiza investigaciones sobre el ejercicio de la ciudadan\u00eda en contextos de diversidad cultural y promueve acciones de educaci\u00f3n intercultural en diversos campos de la vida social. Incentivamos y organizamos nuestro quehacer en redes y alianzas institucionales que nos permiten desarrollar proyectos y actividades orientadas a promover cambios a mediano y largo plazo dirigidos a construir una sociedad m\u00e1s justa, en la que la convivencia se alimente del aprendizaje mutuo y sin prejuicios entre grupos y personas de or\u00edgenes sociales y culturales diferentes. Objetivos Son objetivos de la red: Promover la difusi\u00f3n y el intercambio de ideas y experiencias en el \u00e1mbito internacional sobre los retos de la realidad multiling\u00fce y pluricultural latinoamericana y del mundo. Generar un espacio de debate y an\u00e1lisis sobre la diversidad ling\u00fc\u00edstica y cultural tanto en sus [&hellip;]","og_url":"https:\/\/red.pucp.edu.pe\/ridei\/sobre-ridei\/quienessomos\/","og_site_name":"PUCP | RIDEI","article_modified_time":"2013-09-10T18:47:37+00:00","twitter_card":"summary_large_image","twitter_misc":{"Tiempo de lectura":"1 minuto"},"schema":{"@context":"https:\/\/schema.org","@graph":[{"@type":"WebPage","@id":"https:\/\/red.pucp.edu.pe\/ridei\/sobre-ridei\/quienessomos\/","url":"https:\/\/red.pucp.edu.pe\/ridei\/sobre-ridei\/quienessomos\/","name":"Qui\u00e9nes somos - PUCP | RIDEI","isPartOf":{"@id":"https:\/\/red.pucp.edu.pe\/ridei\/#website"},"datePublished":"2011-06-27T17:24:59+00:00","dateModified":"2013-09-10T18:47:37+00:00","breadcrumb":{"@id":"https:\/\/red.pucp.edu.pe\/ridei\/sobre-ridei\/quienessomos\/#breadcrumb"},"inLanguage":"es","potentialAction":[{"@type":"ReadAction","target":["https:\/\/red.pucp.edu.pe\/ridei\/sobre-ridei\/quienessomos\/"]}]},{"@type":"BreadcrumbList","@id":"https:\/\/red.pucp.edu.pe\/ridei\/sobre-ridei\/quienessomos\/#breadcrumb","itemListElement":[{"@type":"ListItem","position":1,"name":"Portada","item":"https:\/\/red.pucp.edu.pe\/ridei\/"},{"@type":"ListItem","position":2,"name":"Sobre RIDEI","item":"https:\/\/red.pucp.edu.pe\/ridei\/sobre-ridei\/"},{"@type":"ListItem","position":3,"name":"Qui\u00e9nes somos"}]},{"@type":"WebSite","@id":"https:\/\/red.pucp.edu.pe\/ridei\/#website","url":"https:\/\/red.pucp.edu.pe\/ridei\/","name":"PUCP | RIDEI","description":"Red Internacional de estudios Interculturales","potentialAction":[{"@type":"SearchAction","target":{"@type":"EntryPoint","urlTemplate":"https:\/\/red.pucp.edu.pe\/ridei\/?s={search_term_string}"},"query-input":{"@type":"PropertyValueSpecification","valueRequired":true,"valueName":"search_term_string"}}],"inLanguage":"es"}]}},"_links":{"self":[{"href":"https:\/\/red.pucp.edu.pe\/ridei\/wp-json\/wp\/v2\/pages\/124","targetHints":{"allow":["GET"]}}],"collection":[{"href":"https:\/\/red.pucp.edu.pe\/ridei\/wp-json\/wp\/v2\/pages"}],"about":[{"href":"https:\/\/red.pucp.edu.pe\/ridei\/wp-json\/wp\/v2\/types\/page"}],"author":[{"embeddable":true,"href":"https:\/\/red.pucp.edu.pe\/ridei\/wp-json\/wp\/v2\/users\/1"}],"replies":[{"embeddable":true,"href":"https:\/\/red.pucp.edu.pe\/ridei\/wp-json\/wp\/v2\/comments?post=124"}],"version-history":[{"count":0,"href":"https:\/\/red.pucp.edu.pe\/ridei\/wp-json\/wp\/v2\/pages\/124\/revisions"}],"up":[{"embeddable":true,"href":"https:\/\/red.pucp.edu.pe\/ridei\/wp-json\/wp\/v2\/pages\/21978"}],"wp:attachment":[{"href":"https:\/\/red.pucp.edu.pe\/ridei\/wp-json\/wp\/v2\/media?parent=124"}],"curies":[{"name":"wp","href":"https:\/\/api.w.org\/{rel}","templated":true}]}}