{"id":72,"date":"2013-07-23T21:20:18","date_gmt":"2013-07-23T21:20:18","guid":{"rendered":"http:\/\/congreso.pucp.edu.pe\/comiucap\/kawsaypacha\/comite-permanente\/"},"modified":"2016-02-01T14:54:54","modified_gmt":"2016-02-01T19:54:54","slug":"comite","status":"publish","type":"page","link":"https:\/\/red.pucp.edu.pe\/psicoanalisis\/comite\/","title":{"rendered":"Base de datos"},"content":{"rendered":"<p>En el marco del pre congreso FEPAL celebrado en Buenos Aires en Setiembre de 2014, tuvo lugar una reuni\u00f3n organizada en USAL que congreg\u00f3 a los miembros de la RED, a representantes de diversos programas de posgrados en psicoan\u00e1lisis, as\u00ed como miembros de FEPAL. En dicha reuni\u00f3n surgi\u00f3 la idea de generar una base de datos que re\u00fana a los programas de posgrado en psicoan\u00e1lisis existentes en universidades e institutos psicoanal\u00edticos latinoamericanos de habla hispana. La base de datos permitir\u00eda conocer las diferentes \u00e1reas de especializaci\u00f3n psicoanal\u00edtica ofrecidas a nivel de posgrado y sus principales caracter\u00edsticas.<\/p>\n<p>La Red asumi\u00f3 la construcci\u00f3n de esta base de datos, y gracias al apoyo de la Maestr\u00eda en estudios te\u00f3ricos en Psicoan\u00e1lisis dela PUCP, actual administradora de la Red, en mayo de 2015 la Base de datos estuvo terminada en su primera versi\u00f3n. La idea es que peri\u00f3dicamente la Base de datos se renueve con informaci\u00f3n actualizada de los programas existentes e informaci\u00f3n sobre nuevos programas.<\/p>\n<p>&nbsp;<\/p>\n<h2>Descarga aqu\u00ed la base de datos de la Red<\/h2>\n<h3><a href=\"https:\/\/red.pucp.edu.pe\/psicoanalisis\/files\/2013\/07\/Base-programas-PDF.pdf\">Base programas PDF<\/a><\/h3>\n<p>Para actualizaciones e informaci\u00f3n sobre nuevos programas cont\u00e1ctenos a <a href=\"mailto:mpsicoanalisis@pucp.pe\">mpsicoanalisis@pucp.pe<\/a><\/p>\n<p>&nbsp;<\/p>\n","protected":false},"excerpt":{"rendered":"<p>En el marco del pre congreso FEPAL celebrado en Buenos Aires en Setiembre de 2014, tuvo lugar una reuni\u00f3n organizada en USAL que congreg\u00f3 a los miembros de la RED, a representantes de diversos programas de posgrados en psicoan\u00e1lisis, as\u00ed como miembros de FEPAL. En dicha reuni\u00f3n surgi\u00f3 la idea de generar una base de datos que re\u00fana a los programas de posgrado en psicoan\u00e1lisis existentes en universidades e institutos psicoanal\u00edticos latinoamericanos de habla hispana. La base de datos permitir\u00eda conocer las diferentes \u00e1reas de especializaci\u00f3n psicoanal\u00edtica ofrecidas a nivel de posgrado y sus principales caracter\u00edsticas. La Red asumi\u00f3 la construcci\u00f3n de esta base de datos, y gracias al apoyo de la Maestr\u00eda en estudios te\u00f3ricos en Psicoan\u00e1lisis dela PUCP, actual administradora de la Red, en mayo de 2015 la Base de datos estuvo terminada en su primera versi\u00f3n. La idea es que peri\u00f3dicamente la Base de datos se renueve [&hellip;]<\/p>\n","protected":false},"author":1,"featured_media":0,"parent":0,"menu_order":6,"comment_status":"open","ping_status":"open","template":"","meta":{"footnotes":""},"class_list":["post-72","page","type-page","status-publish","hentry"],"yoast_head":"<!-- This site is optimized with the Yoast SEO plugin v24.5 - https:\/\/yoast.com\/wordpress\/plugins\/seo\/ -->\n<title>Base de datos - Red Latinoamericana de Programas de Posgrado en Psicoan\u00e1lisis<\/title>\n<meta name=\"description\" content=\"En el marco del pre congreso FEPAL celebrado en Buenos Aires en Setiembre de 2014, tuvo lugar una reuni\u00f3n organizada en USAL que congreg\u00f3 a los miembros\" \/>\n<meta name=\"robots\" content=\"index, follow, max-snippet:-1, max-image-preview:large, max-video-preview:-1\" \/>\n<link rel=\"canonical\" href=\"https:\/\/red.pucp.edu.pe\/psicoanalisis\/comite\/\" \/>\n<meta property=\"og:locale\" content=\"es_ES\" \/>\n<meta property=\"og:type\" content=\"article\" \/>\n<meta property=\"og:title\" content=\"Base de datos - Red Latinoamericana de Programas de Posgrado en Psicoan\u00e1lisis\" \/>\n<meta property=\"og:description\" content=\"En el marco del pre congreso FEPAL celebrado en Buenos Aires en Setiembre de 2014, tuvo lugar una reuni\u00f3n organizada en USAL que congreg\u00f3 a los miembros\" \/>\n<meta property=\"og:url\" content=\"https:\/\/red.pucp.edu.pe\/psicoanalisis\/comite\/\" \/>\n<meta property=\"og:site_name\" content=\"Red Latinoamericana de Programas de Posgrado en Psicoan\u00e1lisis\" \/>\n<meta property=\"article:modified_time\" content=\"2016-02-01T19:54:54+00:00\" \/>\n<meta name=\"twitter:label1\" content=\"Tiempo de lectura\" \/>\n\t<meta name=\"twitter:data1\" content=\"1 minuto\" \/>\n<script type=\"application\/ld+json\" class=\"yoast-schema-graph\">{\"@context\":\"https:\/\/schema.org\",\"@graph\":[{\"@type\":\"WebPage\",\"@id\":\"https:\/\/red.pucp.edu.pe\/psicoanalisis\/comite\/\",\"url\":\"https:\/\/red.pucp.edu.pe\/psicoanalisis\/comite\/\",\"name\":\"Base de datos - Red Latinoamericana de Programas de Posgrado en Psicoan\u00e1lisis\",\"isPartOf\":{\"@id\":\"https:\/\/red.pucp.edu.pe\/psicoanalisis\/#website\"},\"datePublished\":\"2013-07-23T21:20:18+00:00\",\"dateModified\":\"2016-02-01T19:54:54+00:00\",\"description\":\"En el marco del pre congreso FEPAL celebrado en Buenos Aires en Setiembre de 2014, tuvo lugar una reuni\u00f3n organizada en USAL que congreg\u00f3 a los miembros\",\"inLanguage\":\"es\",\"potentialAction\":[{\"@type\":\"ReadAction\",\"target\":[\"https:\/\/red.pucp.edu.pe\/psicoanalisis\/comite\/\"]}]},{\"@type\":\"WebSite\",\"@id\":\"https:\/\/red.pucp.edu.pe\/psicoanalisis\/#website\",\"url\":\"https:\/\/red.pucp.edu.pe\/psicoanalisis\/\",\"name\":\"Red Latinoamericana de Programas de Posgrado en Psicoan\u00e1lisis\",\"description\":\"Red Latinoamericana de Programas de Posgrado en Psicoan\u00e1lisis\",\"potentialAction\":[{\"@type\":\"SearchAction\",\"target\":{\"@type\":\"EntryPoint\",\"urlTemplate\":\"https:\/\/red.pucp.edu.pe\/psicoanalisis\/?s={search_term_string}\"},\"query-input\":{\"@type\":\"PropertyValueSpecification\",\"valueRequired\":true,\"valueName\":\"search_term_string\"}}],\"inLanguage\":\"es\"}]}<\/script>\n<!-- \/ Yoast SEO plugin. -->","yoast_head_json":{"title":"Base de datos - Red Latinoamericana de Programas de Posgrado en Psicoan\u00e1lisis","description":"En el marco del pre congreso FEPAL celebrado en Buenos Aires en Setiembre de 2014, tuvo lugar una reuni\u00f3n organizada en USAL que congreg\u00f3 a los miembros","robots":{"index":"index","follow":"follow","max-snippet":"max-snippet:-1","max-image-preview":"max-image-preview:large","max-video-preview":"max-video-preview:-1"},"canonical":"https:\/\/red.pucp.edu.pe\/psicoanalisis\/comite\/","og_locale":"es_ES","og_type":"article","og_title":"Base de datos - Red Latinoamericana de Programas de Posgrado en Psicoan\u00e1lisis","og_description":"En el marco del pre congreso FEPAL celebrado en Buenos Aires en Setiembre de 2014, tuvo lugar una reuni\u00f3n organizada en USAL que congreg\u00f3 a los miembros","og_url":"https:\/\/red.pucp.edu.pe\/psicoanalisis\/comite\/","og_site_name":"Red Latinoamericana de Programas de Posgrado en Psicoan\u00e1lisis","article_modified_time":"2016-02-01T19:54:54+00:00","twitter_misc":{"Tiempo de lectura":"1 minuto"},"schema":{"@context":"https:\/\/schema.org","@graph":[{"@type":"WebPage","@id":"https:\/\/red.pucp.edu.pe\/psicoanalisis\/comite\/","url":"https:\/\/red.pucp.edu.pe\/psicoanalisis\/comite\/","name":"Base de datos - Red Latinoamericana de Programas de Posgrado en Psicoan\u00e1lisis","isPartOf":{"@id":"https:\/\/red.pucp.edu.pe\/psicoanalisis\/#website"},"datePublished":"2013-07-23T21:20:18+00:00","dateModified":"2016-02-01T19:54:54+00:00","description":"En el marco del pre congreso FEPAL celebrado en Buenos Aires en Setiembre de 2014, tuvo lugar una reuni\u00f3n organizada en USAL que congreg\u00f3 a los miembros","inLanguage":"es","potentialAction":[{"@type":"ReadAction","target":["https:\/\/red.pucp.edu.pe\/psicoanalisis\/comite\/"]}]},{"@type":"WebSite","@id":"https:\/\/red.pucp.edu.pe\/psicoanalisis\/#website","url":"https:\/\/red.pucp.edu.pe\/psicoanalisis\/","name":"Red Latinoamericana de Programas de Posgrado en Psicoan\u00e1lisis","description":"Red Latinoamericana de Programas de Posgrado en Psicoan\u00e1lisis","potentialAction":[{"@type":"SearchAction","target":{"@type":"EntryPoint","urlTemplate":"https:\/\/red.pucp.edu.pe\/psicoanalisis\/?s={search_term_string}"},"query-input":{"@type":"PropertyValueSpecification","valueRequired":true,"valueName":"search_term_string"}}],"inLanguage":"es"}]}},"_links":{"self":[{"href":"https:\/\/red.pucp.edu.pe\/psicoanalisis\/wp-json\/wp\/v2\/pages\/72","targetHints":{"allow":["GET"]}}],"collection":[{"href":"https:\/\/red.pucp.edu.pe\/psicoanalisis\/wp-json\/wp\/v2\/pages"}],"about":[{"href":"https:\/\/red.pucp.edu.pe\/psicoanalisis\/wp-json\/wp\/v2\/types\/page"}],"author":[{"embeddable":true,"href":"https:\/\/red.pucp.edu.pe\/psicoanalisis\/wp-json\/wp\/v2\/users\/1"}],"replies":[{"embeddable":true,"href":"https:\/\/red.pucp.edu.pe\/psicoanalisis\/wp-json\/wp\/v2\/comments?post=72"}],"version-history":[{"count":0,"href":"https:\/\/red.pucp.edu.pe\/psicoanalisis\/wp-json\/wp\/v2\/pages\/72\/revisions"}],"wp:attachment":[{"href":"https:\/\/red.pucp.edu.pe\/psicoanalisis\/wp-json\/wp\/v2\/media?parent=72"}],"curies":[{"name":"wp","href":"https:\/\/api.w.org\/{rel}","templated":true}]}}