{"id":531,"date":"2016-02-05T15:58:25","date_gmt":"2016-02-05T20:58:25","guid":{"rendered":"https:\/\/red.pucp.edu.pe\/psicoanalisis\/?page_id=531"},"modified":"2016-03-13T20:56:14","modified_gmt":"2016-03-14T01:56:14","slug":"latinoamerica-en-el-divan","status":"publish","type":"page","link":"https:\/\/red.pucp.edu.pe\/psicoanalisis\/latinoamerica-en-el-divan\/","title":{"rendered":"Latinoam\u00e9rica en el Div\u00e1n"},"content":{"rendered":"<p class=\"Standard\">Este seminario busca centrar el foco del lente anal\u00edtico en las particularidades de la realidad\u00a0 de los pa\u00edses latinoamericanos. Diversidad, racismo, desigualdad, precariedad institucional, corrupci\u00f3n, son algunos de los problemas que se analizar\u00e1n en este div\u00e1n virtual que pretende rescatar el lugar de la reflexi\u00f3n psicoanal\u00edtica sobre dichas problem\u00e1ticas.<\/p>\n<h3 class=\"Standard\"><\/h3>\n<h3 class=\"Standard\">Cuarto\u00a0invitado:\u00a0N\u00e9stor Carlisky (APA)<\/h3>\n<p>M\u00e9dico psicoanalista. Miembro titular, con funci\u00f3n did\u00e1ctica, de la Asociaci\u00f3n Psicoanal\u00edtica Argentina y de la Asociaci\u00f3n Psicoanal\u00edtica Internacional. Ex director de grupo de investigaci\u00f3n del CONICET. Premio anual (1970) de la Asociaci\u00f3n Argentina por el Progreso de las Ciencias. Profesor titular del Instituto de Psicoan\u00e1lisis de la APA. Autor de trabajos publicados en revistas nacionales y extranjeras. Present\u00f3 trabajos en varios congresos internacionales. (Fuente: Lumen)<\/p>\n<p>Esta\u00a0ponencia nos relata una experiencia argentina de utilizaci\u00f3n del psicoan\u00e1lisis en una situaci\u00f3n de crisis social.<\/p>\n<p><iframe loading=\"lazy\" title=\"N\u00e9stor Carlisky - Latinoam\u00e9rica en el Div\u00e1n\" width=\"500\" height=\"281\" src=\"https:\/\/www.youtube.com\/embed\/N1mvJ0heLwQ?feature=oembed\" frameborder=\"0\" allow=\"accelerometer; autoplay; clipboard-write; encrypted-media; gyroscope; picture-in-picture; web-share\" referrerpolicy=\"strict-origin-when-cross-origin\" allowfullscreen><\/iframe><\/p>\n<h3 class=\"Standard\"><\/h3>\n<h3 class=\"Standard\"><\/h3>\n<p>&nbsp;<\/p>\n<h3 class=\"Standard\">Tercer\u00a0invitado: Rodolfo Moguillansky\u00a0(IUSAM-APdeBA)<\/h3>\n<p>M\u00e9dico, especialista en psiquiatr\u00eda, psicoanalista.\u00a0Hizo su formaci\u00f3n en psicopatolog\u00eda en el Policl\u00ednico de Lan\u00fas con Mauricio Goldenberg.\u00a0Realiz\u00f3 su formaci\u00f3n psicoanal\u00edtica en la Asociaci\u00f3n psicoanal\u00edtica de Buenos Aires.\u00a0Miembro titular de APdeBA.\u00a0Full member de IPA (Internacional Psichoanalytical Association).\u00a0Miembro de la FEAP (Federaci\u00f3n Espa\u00f1ola de Psicoterapia).\u00a0Vicepresidente de APdeBA 1993, 1994.\u00a0Rector del Instituto Universitario de Salud Mental de APdeBA desde 2013.<\/p>\n<p>Esta\u00a0ponencia analiza el rol y la importancia del psicoan\u00e1lisis en contextos de pobreza y marginaci\u00f3n social.<\/p>\n<p><iframe loading=\"lazy\" title=\"Rodolfo Moguillanksy - Latinoam\u00e9rica en el Div\u00e1n\" width=\"500\" height=\"281\" src=\"https:\/\/www.youtube.com\/embed\/kvpUL_qg468?feature=oembed\" frameborder=\"0\" allow=\"accelerometer; autoplay; clipboard-write; encrypted-media; gyroscope; picture-in-picture; web-share\" referrerpolicy=\"strict-origin-when-cross-origin\" allowfullscreen><\/iframe><\/p>\n<p>&nbsp;<\/p>\n<h3 class=\"Standard\">Segundo\u00a0invitado: Moty Benyakar\u00a0(USAL-APA)<\/h3>\n<p class=\"Standard\"><span style=\"font-weight: 300\">Psicoanalista por la Sociedad Psicoanal\u00edtica de Israel. Miembro en funci\u00f3n did\u00e1ctica en la Asociaci\u00f3n Psicoanal\u00edtica de Argentina. Doctor en Psicolog\u00eda por\u00a0la Universidad del Salvador sobre la tem\u00e1tica de Lo Disruptivo. Miembro de Honor en la Asociaci\u00f3n Mundial de Psiquiatr\u00eda. Fundador y Director de la Maestr\u00eda en Psicoan\u00e1lisis USAL &#8211; APA y Fundador y Director del Grupo de investigaci\u00f3n en Psicoan\u00e1lisis y\/o Lo Disruptivo para el Doctorado en Psicolog\u00eda de la USAL. Fundador y Co-Director del Informational Bioethical Informational System (IBIS).\u00a0<\/span><\/p>\n<p class=\"Standard\"><span style=\"font-weight: 300\">Esta\u00a0ponencia analiza las particularidades sociales e hist\u00f3ricas de la\u00a0difusi\u00f3n e institucionalizaci\u00f3n del psicoan\u00e1lisis en Am\u00e9rica Latina,\u00a0as\u00ed como el\u00a0profundo impacto que ha tenido en la subjetividad, la cl\u00ednica y el pensamiento de esta parte del continente.<\/span><\/p>\n<p><iframe loading=\"lazy\" title=\"Moty Benyakar - Latinoam\u00e9rica en el Div\u00e1n\" width=\"500\" height=\"281\" src=\"https:\/\/www.youtube.com\/embed\/oc7oOOqOCsA?feature=oembed\" frameborder=\"0\" allow=\"accelerometer; autoplay; clipboard-write; encrypted-media; gyroscope; picture-in-picture; web-share\" referrerpolicy=\"strict-origin-when-cross-origin\" allowfullscreen><\/iframe><\/p>\n<h3 class=\"Standard\"><\/h3>\n<h3 class=\"Standard\"><\/h3>\n<p>&nbsp;<\/p>\n<h3 class=\"Standard\">Primer invitado: Jorge Bruce (PUCP, SPP)<\/h3>\n<p class=\"Standard\">Licenciado en Psicolog\u00eda por la PUCP. Mag\u00edster en Psicopatolog\u00eda y Psicoan\u00e1lisis por la Universidad de Par\u00eds. An\u00e1lisis (5 a\u00f1os) con Andr\u00e9 Green, Par\u00eds, Francia. Psicoanalista, miembro de la Sociedad Peruana de Psicoan\u00e1lisis (SPP) y de la Internacional Psychoanalytical Association (IPA).\u00a0Consulta privada y organizacional. Investigador de la USMP. Profesor de la Maestr\u00eda en Estudios Te\u00f3ricos de Psicoan\u00e1lisis de la PUCP.\u00a0Profesor del Instituto de la Sociedad Peruana de Psicoan\u00e1lisis. (Fuente: USMP)<\/p>\n<p class=\"Standard\">Esta\u00a0ponencia analiza desde una perspectiva psicoanal\u00edtica c\u00f3mo el racismo ti\u00f1e las relaciones sociales en el Per\u00fa, tanto en lo cotidiano como a nivel estructural.<\/p>\n<p><iframe loading=\"lazy\" title=\"Jorge Bruce - Latinoam\u00e9rica en el Div\u00e1n\" width=\"500\" height=\"281\" src=\"https:\/\/www.youtube.com\/embed\/5ajTcquv3cQ?feature=oembed\" frameborder=\"0\" allow=\"accelerometer; autoplay; clipboard-write; encrypted-media; gyroscope; picture-in-picture; web-share\" referrerpolicy=\"strict-origin-when-cross-origin\" allowfullscreen><\/iframe><\/p>\n","protected":false},"excerpt":{"rendered":"<p>Este seminario busca centrar el foco del lente anal\u00edtico en las particularidades de la realidad\u00a0 de los pa\u00edses latinoamericanos. Diversidad, racismo, desigualdad, precariedad institucional, corrupci\u00f3n, son algunos de los problemas que se analizar\u00e1n en este div\u00e1n virtual que pretende rescatar el lugar de la reflexi\u00f3n psicoanal\u00edtica sobre dichas problem\u00e1ticas. Cuarto\u00a0invitado:\u00a0N\u00e9stor Carlisky (APA) M\u00e9dico psicoanalista. Miembro titular, con funci\u00f3n did\u00e1ctica, de la Asociaci\u00f3n Psicoanal\u00edtica Argentina y de la Asociaci\u00f3n Psicoanal\u00edtica Internacional. Ex director de grupo de investigaci\u00f3n del CONICET. Premio anual (1970) de la Asociaci\u00f3n Argentina por el Progreso de las Ciencias. Profesor titular del Instituto de Psicoan\u00e1lisis de la APA. Autor de trabajos publicados en revistas nacionales y extranjeras. Present\u00f3 trabajos en varios congresos internacionales. (Fuente: Lumen) Esta\u00a0ponencia nos relata una experiencia argentina de utilizaci\u00f3n del psicoan\u00e1lisis en una situaci\u00f3n de crisis social. &nbsp; Tercer\u00a0invitado: Rodolfo Moguillansky\u00a0(IUSAM-APdeBA) M\u00e9dico, especialista en psiquiatr\u00eda, psicoanalista.\u00a0Hizo su formaci\u00f3n en psicopatolog\u00eda en el Policl\u00ednico de [&hellip;]<\/p>\n","protected":false},"author":17,"featured_media":0,"parent":0,"menu_order":0,"comment_status":"open","ping_status":"closed","template":"","meta":{"footnotes":""},"class_list":["post-531","page","type-page","status-publish","hentry"],"yoast_head":"<!-- This site is optimized with the Yoast SEO plugin v24.5 - https:\/\/yoast.com\/wordpress\/plugins\/seo\/ -->\n<title>Latinoam\u00e9rica en el Div\u00e1n - Red Latinoamericana de Programas de Posgrado en Psicoan\u00e1lisis<\/title>\n<meta name=\"description\" content=\"Este seminario busca centrar el foco del lente anal\u00edtico en las particularidades de la realidad\u00a0 de los pa\u00edses latinoamericanos. Diversidad, racismo,\" \/>\n<meta name=\"robots\" content=\"index, follow, max-snippet:-1, max-image-preview:large, max-video-preview:-1\" \/>\n<link rel=\"canonical\" href=\"https:\/\/red.pucp.edu.pe\/psicoanalisis\/latinoamerica-en-el-divan\/\" \/>\n<meta property=\"og:locale\" content=\"es_ES\" \/>\n<meta property=\"og:type\" content=\"article\" \/>\n<meta property=\"og:title\" content=\"Latinoam\u00e9rica en el Div\u00e1n - Red Latinoamericana de Programas de Posgrado en Psicoan\u00e1lisis\" \/>\n<meta property=\"og:description\" content=\"Este seminario busca centrar el foco del lente anal\u00edtico en las particularidades de la realidad\u00a0 de los pa\u00edses latinoamericanos. Diversidad, racismo,\" \/>\n<meta property=\"og:url\" content=\"https:\/\/red.pucp.edu.pe\/psicoanalisis\/latinoamerica-en-el-divan\/\" \/>\n<meta property=\"og:site_name\" content=\"Red Latinoamericana de Programas de Posgrado en Psicoan\u00e1lisis\" \/>\n<meta property=\"article:modified_time\" content=\"2016-03-14T01:56:14+00:00\" \/>\n<meta name=\"twitter:label1\" content=\"Tiempo de lectura\" \/>\n\t<meta name=\"twitter:data1\" content=\"3 minutos\" \/>\n<script type=\"application\/ld+json\" class=\"yoast-schema-graph\">{\"@context\":\"https:\/\/schema.org\",\"@graph\":[{\"@type\":\"WebPage\",\"@id\":\"https:\/\/red.pucp.edu.pe\/psicoanalisis\/latinoamerica-en-el-divan\/\",\"url\":\"https:\/\/red.pucp.edu.pe\/psicoanalisis\/latinoamerica-en-el-divan\/\",\"name\":\"Latinoam\u00e9rica en el Div\u00e1n - Red Latinoamericana de Programas de Posgrado en Psicoan\u00e1lisis\",\"isPartOf\":{\"@id\":\"https:\/\/red.pucp.edu.pe\/psicoanalisis\/#website\"},\"datePublished\":\"2016-02-05T20:58:25+00:00\",\"dateModified\":\"2016-03-14T01:56:14+00:00\",\"description\":\"Este seminario busca centrar el foco del lente anal\u00edtico en las particularidades de la realidad\u00a0 de los pa\u00edses latinoamericanos. Diversidad, racismo,\",\"inLanguage\":\"es\",\"potentialAction\":[{\"@type\":\"ReadAction\",\"target\":[\"https:\/\/red.pucp.edu.pe\/psicoanalisis\/latinoamerica-en-el-divan\/\"]}]},{\"@type\":\"WebSite\",\"@id\":\"https:\/\/red.pucp.edu.pe\/psicoanalisis\/#website\",\"url\":\"https:\/\/red.pucp.edu.pe\/psicoanalisis\/\",\"name\":\"Red Latinoamericana de Programas de Posgrado en Psicoan\u00e1lisis\",\"description\":\"Red Latinoamericana de Programas de Posgrado en Psicoan\u00e1lisis\",\"potentialAction\":[{\"@type\":\"SearchAction\",\"target\":{\"@type\":\"EntryPoint\",\"urlTemplate\":\"https:\/\/red.pucp.edu.pe\/psicoanalisis\/?s={search_term_string}\"},\"query-input\":{\"@type\":\"PropertyValueSpecification\",\"valueRequired\":true,\"valueName\":\"search_term_string\"}}],\"inLanguage\":\"es\"}]}<\/script>\n<!-- \/ Yoast SEO plugin. -->","yoast_head_json":{"title":"Latinoam\u00e9rica en el Div\u00e1n - Red Latinoamericana de Programas de Posgrado en Psicoan\u00e1lisis","description":"Este seminario busca centrar el foco del lente anal\u00edtico en las particularidades de la realidad\u00a0 de los pa\u00edses latinoamericanos. Diversidad, racismo,","robots":{"index":"index","follow":"follow","max-snippet":"max-snippet:-1","max-image-preview":"max-image-preview:large","max-video-preview":"max-video-preview:-1"},"canonical":"https:\/\/red.pucp.edu.pe\/psicoanalisis\/latinoamerica-en-el-divan\/","og_locale":"es_ES","og_type":"article","og_title":"Latinoam\u00e9rica en el Div\u00e1n - Red Latinoamericana de Programas de Posgrado en Psicoan\u00e1lisis","og_description":"Este seminario busca centrar el foco del lente anal\u00edtico en las particularidades de la realidad\u00a0 de los pa\u00edses latinoamericanos. Diversidad, racismo,","og_url":"https:\/\/red.pucp.edu.pe\/psicoanalisis\/latinoamerica-en-el-divan\/","og_site_name":"Red Latinoamericana de Programas de Posgrado en Psicoan\u00e1lisis","article_modified_time":"2016-03-14T01:56:14+00:00","twitter_misc":{"Tiempo de lectura":"3 minutos"},"schema":{"@context":"https:\/\/schema.org","@graph":[{"@type":"WebPage","@id":"https:\/\/red.pucp.edu.pe\/psicoanalisis\/latinoamerica-en-el-divan\/","url":"https:\/\/red.pucp.edu.pe\/psicoanalisis\/latinoamerica-en-el-divan\/","name":"Latinoam\u00e9rica en el Div\u00e1n - Red Latinoamericana de Programas de Posgrado en Psicoan\u00e1lisis","isPartOf":{"@id":"https:\/\/red.pucp.edu.pe\/psicoanalisis\/#website"},"datePublished":"2016-02-05T20:58:25+00:00","dateModified":"2016-03-14T01:56:14+00:00","description":"Este seminario busca centrar el foco del lente anal\u00edtico en las particularidades de la realidad\u00a0 de los pa\u00edses latinoamericanos. Diversidad, racismo,","inLanguage":"es","potentialAction":[{"@type":"ReadAction","target":["https:\/\/red.pucp.edu.pe\/psicoanalisis\/latinoamerica-en-el-divan\/"]}]},{"@type":"WebSite","@id":"https:\/\/red.pucp.edu.pe\/psicoanalisis\/#website","url":"https:\/\/red.pucp.edu.pe\/psicoanalisis\/","name":"Red Latinoamericana de Programas de Posgrado en Psicoan\u00e1lisis","description":"Red Latinoamericana de Programas de Posgrado en Psicoan\u00e1lisis","potentialAction":[{"@type":"SearchAction","target":{"@type":"EntryPoint","urlTemplate":"https:\/\/red.pucp.edu.pe\/psicoanalisis\/?s={search_term_string}"},"query-input":{"@type":"PropertyValueSpecification","valueRequired":true,"valueName":"search_term_string"}}],"inLanguage":"es"}]}},"_links":{"self":[{"href":"https:\/\/red.pucp.edu.pe\/psicoanalisis\/wp-json\/wp\/v2\/pages\/531","targetHints":{"allow":["GET"]}}],"collection":[{"href":"https:\/\/red.pucp.edu.pe\/psicoanalisis\/wp-json\/wp\/v2\/pages"}],"about":[{"href":"https:\/\/red.pucp.edu.pe\/psicoanalisis\/wp-json\/wp\/v2\/types\/page"}],"author":[{"embeddable":true,"href":"https:\/\/red.pucp.edu.pe\/psicoanalisis\/wp-json\/wp\/v2\/users\/17"}],"replies":[{"embeddable":true,"href":"https:\/\/red.pucp.edu.pe\/psicoanalisis\/wp-json\/wp\/v2\/comments?post=531"}],"version-history":[{"count":0,"href":"https:\/\/red.pucp.edu.pe\/psicoanalisis\/wp-json\/wp\/v2\/pages\/531\/revisions"}],"wp:attachment":[{"href":"https:\/\/red.pucp.edu.pe\/psicoanalisis\/wp-json\/wp\/v2\/media?parent=531"}],"curies":[{"name":"wp","href":"https:\/\/api.w.org\/{rel}","templated":true}]}}