{"id":510,"date":"2016-01-22T13:05:11","date_gmt":"2016-01-22T18:05:11","guid":{"rendered":"https:\/\/red.pucp.edu.pe\/psicoanalisis\/?page_id=510"},"modified":"2016-02-11T19:35:52","modified_gmt":"2016-02-12T00:35:52","slug":"seminarios-virtuales","status":"publish","type":"page","link":"https:\/\/red.pucp.edu.pe\/psicoanalisis\/seminarios-virtuales\/","title":{"rendered":"Seminarios Virtuales"},"content":{"rendered":"<p>Esta iniciativa surge para generar una plataforma de intercambio, conocimiento y opini\u00f3n sobre temas psicoanal\u00edticos y de actualidad. Cada seminario virtual se organiza alrededor de una tem\u00e1tica y se compone de un conjunto de v\u00eddeos de clases virtuales ofrecidas por especialistas representantes de los programas pertenecientes a la Red y otros destacados invitados. La herramienta virtual permite acortar distancias e incrementar el n\u00famero participantes que participen de la reflexi\u00f3n que cada seminario plantea.<\/p>\n<p>\u201cLatinoam\u00e9rica en el Div\u00e1n\u201d es el nombre de la primera edici\u00f3n de los Seminarios virtuales y su objetivo es recoger \u00a0la reflexi\u00f3n psicoanal\u00edtica de un n\u00famero de especialistas sobre alguna problem\u00e1tica de nuestras realidades.<\/p>\n<p>Hacer click en la imagen para acceder:<\/p>\n<p><a href=\"https:\/\/red.pucp.edu.pe\/psicoanalisis\/latinoamerica-en-el-divan\/\"><img loading=\"lazy\" decoding=\"async\" class=\"wp-image-529 aligncenter\" src=\"https:\/\/red.pucp.edu.pe\/psicoanalisis\/files\/2016\/01\/Latinoam\u00e9rica-en-el-div\u00e1n-1-281x300.jpg\" alt=\"Latinoam\u00e9rica en el div\u00e1n 1\" width=\"342\" height=\"365\" srcset=\"https:\/\/red.pucp.edu.pe\/psicoanalisis\/files\/2016\/01\/Latinoam\u00e9rica-en-el-div\u00e1n-1-281x300.jpg 281w, https:\/\/red.pucp.edu.pe\/psicoanalisis\/files\/2016\/01\/Latinoam\u00e9rica-en-el-div\u00e1n-1-960x1024.jpg 960w, https:\/\/red.pucp.edu.pe\/psicoanalisis\/files\/2016\/01\/Latinoam\u00e9rica-en-el-div\u00e1n-1-75x80.jpg 75w, https:\/\/red.pucp.edu.pe\/psicoanalisis\/files\/2016\/01\/Latinoam\u00e9rica-en-el-div\u00e1n-1.jpg 1662w\" sizes=\"auto, (max-width: 342px) 100vw, 342px\" \/><\/a><\/p>\n<p>&nbsp;<\/p>\n<p>&nbsp;<\/p>\n","protected":false},"excerpt":{"rendered":"<p>Esta iniciativa surge para generar una plataforma de intercambio, conocimiento y opini\u00f3n sobre temas psicoanal\u00edticos y de actualidad. Cada seminario virtual se organiza alrededor de una tem\u00e1tica y se compone de un conjunto de v\u00eddeos de clases virtuales ofrecidas por especialistas representantes de los programas pertenecientes a la Red y otros destacados invitados. La herramienta virtual permite acortar distancias e incrementar el n\u00famero participantes que participen de la reflexi\u00f3n que cada seminario plantea. \u201cLatinoam\u00e9rica en el Div\u00e1n\u201d es el nombre de la primera edici\u00f3n de los Seminarios virtuales y su objetivo es recoger \u00a0la reflexi\u00f3n psicoanal\u00edtica de un n\u00famero de especialistas sobre alguna problem\u00e1tica de nuestras realidades. Hacer click en la imagen para acceder: &nbsp; &nbsp;<\/p>\n","protected":false},"author":17,"featured_media":0,"parent":0,"menu_order":0,"comment_status":"closed","ping_status":"closed","template":"","meta":{"footnotes":""},"class_list":["post-510","page","type-page","status-publish","hentry"],"yoast_head":"<!-- This site is optimized with the Yoast SEO plugin v24.5 - https:\/\/yoast.com\/wordpress\/plugins\/seo\/ -->\n<title>Seminarios Virtuales - Red Latinoamericana de Programas de Posgrado en Psicoan\u00e1lisis<\/title>\n<meta name=\"description\" content=\"Esta iniciativa surge para generar una plataforma de intercambio, conocimiento y opini\u00f3n sobre temas psicoanal\u00edticos y de actualidad. Cada seminario\" \/>\n<meta name=\"robots\" content=\"index, follow, max-snippet:-1, max-image-preview:large, max-video-preview:-1\" \/>\n<link rel=\"canonical\" href=\"https:\/\/red.pucp.edu.pe\/psicoanalisis\/seminarios-virtuales\/\" \/>\n<meta property=\"og:locale\" content=\"es_ES\" \/>\n<meta property=\"og:type\" content=\"article\" \/>\n<meta property=\"og:title\" content=\"Seminarios Virtuales - Red Latinoamericana de Programas de Posgrado en Psicoan\u00e1lisis\" \/>\n<meta property=\"og:description\" content=\"Esta iniciativa surge para generar una plataforma de intercambio, conocimiento y opini\u00f3n sobre temas psicoanal\u00edticos y de actualidad. Cada seminario\" \/>\n<meta property=\"og:url\" content=\"https:\/\/red.pucp.edu.pe\/psicoanalisis\/seminarios-virtuales\/\" \/>\n<meta property=\"og:site_name\" content=\"Red Latinoamericana de Programas de Posgrado en Psicoan\u00e1lisis\" \/>\n<meta property=\"article:modified_time\" content=\"2016-02-12T00:35:52+00:00\" \/>\n<meta name=\"twitter:label1\" content=\"Tiempo de lectura\" \/>\n\t<meta name=\"twitter:data1\" content=\"1 minuto\" \/>\n<script type=\"application\/ld+json\" class=\"yoast-schema-graph\">{\"@context\":\"https:\/\/schema.org\",\"@graph\":[{\"@type\":\"WebPage\",\"@id\":\"https:\/\/red.pucp.edu.pe\/psicoanalisis\/seminarios-virtuales\/\",\"url\":\"https:\/\/red.pucp.edu.pe\/psicoanalisis\/seminarios-virtuales\/\",\"name\":\"Seminarios Virtuales - Red Latinoamericana de Programas de Posgrado en Psicoan\u00e1lisis\",\"isPartOf\":{\"@id\":\"https:\/\/red.pucp.edu.pe\/psicoanalisis\/#website\"},\"datePublished\":\"2016-01-22T18:05:11+00:00\",\"dateModified\":\"2016-02-12T00:35:52+00:00\",\"description\":\"Esta iniciativa surge para generar una plataforma de intercambio, conocimiento y opini\u00f3n sobre temas psicoanal\u00edticos y de actualidad. Cada seminario\",\"inLanguage\":\"es\",\"potentialAction\":[{\"@type\":\"ReadAction\",\"target\":[\"https:\/\/red.pucp.edu.pe\/psicoanalisis\/seminarios-virtuales\/\"]}]},{\"@type\":\"WebSite\",\"@id\":\"https:\/\/red.pucp.edu.pe\/psicoanalisis\/#website\",\"url\":\"https:\/\/red.pucp.edu.pe\/psicoanalisis\/\",\"name\":\"Red Latinoamericana de Programas de Posgrado en Psicoan\u00e1lisis\",\"description\":\"Red Latinoamericana de Programas de Posgrado en Psicoan\u00e1lisis\",\"potentialAction\":[{\"@type\":\"SearchAction\",\"target\":{\"@type\":\"EntryPoint\",\"urlTemplate\":\"https:\/\/red.pucp.edu.pe\/psicoanalisis\/?s={search_term_string}\"},\"query-input\":{\"@type\":\"PropertyValueSpecification\",\"valueRequired\":true,\"valueName\":\"search_term_string\"}}],\"inLanguage\":\"es\"}]}<\/script>\n<!-- \/ Yoast SEO plugin. -->","yoast_head_json":{"title":"Seminarios Virtuales - Red Latinoamericana de Programas de Posgrado en Psicoan\u00e1lisis","description":"Esta iniciativa surge para generar una plataforma de intercambio, conocimiento y opini\u00f3n sobre temas psicoanal\u00edticos y de actualidad. Cada seminario","robots":{"index":"index","follow":"follow","max-snippet":"max-snippet:-1","max-image-preview":"max-image-preview:large","max-video-preview":"max-video-preview:-1"},"canonical":"https:\/\/red.pucp.edu.pe\/psicoanalisis\/seminarios-virtuales\/","og_locale":"es_ES","og_type":"article","og_title":"Seminarios Virtuales - Red Latinoamericana de Programas de Posgrado en Psicoan\u00e1lisis","og_description":"Esta iniciativa surge para generar una plataforma de intercambio, conocimiento y opini\u00f3n sobre temas psicoanal\u00edticos y de actualidad. Cada seminario","og_url":"https:\/\/red.pucp.edu.pe\/psicoanalisis\/seminarios-virtuales\/","og_site_name":"Red Latinoamericana de Programas de Posgrado en Psicoan\u00e1lisis","article_modified_time":"2016-02-12T00:35:52+00:00","twitter_misc":{"Tiempo de lectura":"1 minuto"},"schema":{"@context":"https:\/\/schema.org","@graph":[{"@type":"WebPage","@id":"https:\/\/red.pucp.edu.pe\/psicoanalisis\/seminarios-virtuales\/","url":"https:\/\/red.pucp.edu.pe\/psicoanalisis\/seminarios-virtuales\/","name":"Seminarios Virtuales - Red Latinoamericana de Programas de Posgrado en Psicoan\u00e1lisis","isPartOf":{"@id":"https:\/\/red.pucp.edu.pe\/psicoanalisis\/#website"},"datePublished":"2016-01-22T18:05:11+00:00","dateModified":"2016-02-12T00:35:52+00:00","description":"Esta iniciativa surge para generar una plataforma de intercambio, conocimiento y opini\u00f3n sobre temas psicoanal\u00edticos y de actualidad. Cada seminario","inLanguage":"es","potentialAction":[{"@type":"ReadAction","target":["https:\/\/red.pucp.edu.pe\/psicoanalisis\/seminarios-virtuales\/"]}]},{"@type":"WebSite","@id":"https:\/\/red.pucp.edu.pe\/psicoanalisis\/#website","url":"https:\/\/red.pucp.edu.pe\/psicoanalisis\/","name":"Red Latinoamericana de Programas de Posgrado en Psicoan\u00e1lisis","description":"Red Latinoamericana de Programas de Posgrado en Psicoan\u00e1lisis","potentialAction":[{"@type":"SearchAction","target":{"@type":"EntryPoint","urlTemplate":"https:\/\/red.pucp.edu.pe\/psicoanalisis\/?s={search_term_string}"},"query-input":{"@type":"PropertyValueSpecification","valueRequired":true,"valueName":"search_term_string"}}],"inLanguage":"es"}]}},"_links":{"self":[{"href":"https:\/\/red.pucp.edu.pe\/psicoanalisis\/wp-json\/wp\/v2\/pages\/510","targetHints":{"allow":["GET"]}}],"collection":[{"href":"https:\/\/red.pucp.edu.pe\/psicoanalisis\/wp-json\/wp\/v2\/pages"}],"about":[{"href":"https:\/\/red.pucp.edu.pe\/psicoanalisis\/wp-json\/wp\/v2\/types\/page"}],"author":[{"embeddable":true,"href":"https:\/\/red.pucp.edu.pe\/psicoanalisis\/wp-json\/wp\/v2\/users\/17"}],"replies":[{"embeddable":true,"href":"https:\/\/red.pucp.edu.pe\/psicoanalisis\/wp-json\/wp\/v2\/comments?post=510"}],"version-history":[{"count":0,"href":"https:\/\/red.pucp.edu.pe\/psicoanalisis\/wp-json\/wp\/v2\/pages\/510\/revisions"}],"wp:attachment":[{"href":"https:\/\/red.pucp.edu.pe\/psicoanalisis\/wp-json\/wp\/v2\/media?parent=510"}],"curies":[{"name":"wp","href":"https:\/\/api.w.org\/{rel}","templated":true}]}}