{"id":115,"date":"2014-04-04T17:27:01","date_gmt":"2014-04-04T17:27:01","guid":{"rendered":"http:\/\/congreso.pucp.edu.pe\/comiucap\/kawsaypacha\/?page_id=115"},"modified":"2016-02-11T15:51:17","modified_gmt":"2016-02-11T20:51:17","slug":"enlaces-de-interes","status":"publish","type":"page","link":"https:\/\/red.pucp.edu.pe\/psicoanalisis\/enlaces-de-interes\/","title":{"rendered":"Enlaces de inter\u00e9s"},"content":{"rendered":"<h3>Miembros de la Red<\/h3>\n<hr \/>\n<ul>\n<li><a href=\"https:\/\/www.apa.org.ar\/\" target=\"_blank\">Asociaci\u00f3n Psicoanal\u00edtica Argentina (APA)<\/a><\/li>\n<li><span style=\"color: #000000\"><span style=\"color: #000000\"><a href=\"http:\/\/www.pucp.edu.pe\/\" target=\"_blank\">Pontificia Universidad Cat\u00f3lica del Per\u00fa (PUCP)<\/a><\/span><\/span>\n<ul>\n<li><a href=\"http:\/\/posgrado.pucp.edu.pe\/maestria\/estudios-teoricos-en-psicoanalisis\/\" target=\"_blank\">Maestr\u00eda en Estudios Te\u00f3ricos en Psicoan\u00e1lisis<\/a><\/li>\n<\/ul>\n<\/li>\n<li><span style=\"color: #000000\"><span style=\"color: #000000\"><a href=\"http:\/\/www.spp.com.pe\/\" target=\"_blank\">Sociedad Peruana de Psicoan\u00e1lisis (SPP)<\/a><\/span><\/span><\/li>\n<li><a href=\"http:\/\/www.usal.edu.ar\/\" target=\"_blank\">Universidad Del Salvador (USAL)<\/a>\n<ul>\n<li><a href=\"http:\/\/psico.usal.edu.ar\/posgrado\/maestria-psicoanalisis\" target=\"_blank\">Maestr\u00eda en Psicoan\u00e1lisis (USAL-APA)<\/a><\/li>\n<li><a href=\"http:\/\/psico.usal.edu.ar\/posgrado\/doctorado-psicologia\" target=\"_blank\">Doctorado en Psicolog\u00eda<\/a><\/li>\n<\/ul>\n<\/li>\n<li><span style=\"color: #000000\"><a href=\"http:\/\/www.apuruguay.org\/\" target=\"_blank\">Asociaci\u00f3n Psicoanal\u00edtica del Uruguay (APU)<\/a><\/span>\n<ul>\n<li><a href=\"http:\/\/www.apuruguay.org\/instituto\" target=\"_blank\">Instituto Universitario de Postgrado en Psicoan\u00e1lisis (IUPP)<\/a><\/li>\n<\/ul>\n<\/li>\n<li><a href=\"http:\/\/asociacionpsicoanaliticamexicana.org\/\" target=\"_blank\">Asociaci\u00f3n Psicoanal\u00edtica Mexicana (APM)<\/a>\n<ul>\n<li><a href=\"http:\/\/asociacionpsicoanaliticamexicana.org\/node\/15\" target=\"_blank\">Maestr\u00eda en Psicoterapia General<\/a><\/li>\n<\/ul>\n<\/li>\n<\/ul>\n<ul>\n<li><a href=\"http:\/\/fepal.org\/\" target=\"_blank\">Federaci\u00f3n Psicoanal\u00edtica de Am\u00e9rica Latina (FEPAL)<\/a><\/li>\n<li><a href=\"http:\/\/www.ipa.world\/es\" target=\"_blank\">International Psychoanalytic Association (IPA)<\/a><\/li>\n<\/ul>\n<h3><\/h3>\n<h3>Otros enlaces de inter\u00e9s<\/h3>\n<hr \/>\n<ul>\n<li><a href=\"http:\/\/www.apdeba.org\/\" target=\"_blank\">Asociaci\u00f3n Psicoanal\u00edtica de Buenos Aires (APdeBA)<\/a>\n<ul>\n<li><a href=\"http:\/\/www.iusam.edu.ar\/\" target=\"_blank\">Instituto Universitario de Salud Mental (IUSAM)<\/a><\/li>\n<\/ul>\n<\/li>\n<\/ul>\n<ul>\n<li><a href=\"http:\/\/www.psychotherapyresearch.org\/\" target=\"_blank\">Society for Psychotherapy Research<\/a><\/li>\n<li><a href=\"https:\/\/www.ucl.ac.uk\/psychoanalysis\" target=\"_blank\">University College London &#8211; Psychoanalysis Unit<\/a><\/li>\n<li><a href=\"http:\/\/www.aapsa.org\/\" target=\"_blank\">The American Academy of Psychoanalysis and Dynamic Psychiatry<\/a><\/li>\n<li><a href=\"http:\/\/psychoanalyticresearch.org\/\" target=\"_blank\">Psychoanalytic Research Consortium<\/a><\/li>\n<\/ul>\n<p>&nbsp;<\/p>\n","protected":false},"excerpt":{"rendered":"<p>Miembros de la Red Asociaci\u00f3n Psicoanal\u00edtica Argentina (APA) Pontificia Universidad Cat\u00f3lica del Per\u00fa (PUCP) Maestr\u00eda en Estudios Te\u00f3ricos en Psicoan\u00e1lisis Sociedad Peruana de Psicoan\u00e1lisis (SPP) Universidad Del Salvador (USAL) Maestr\u00eda en Psicoan\u00e1lisis (USAL-APA) Doctorado en Psicolog\u00eda Asociaci\u00f3n Psicoanal\u00edtica del Uruguay (APU) Instituto Universitario de Postgrado en Psicoan\u00e1lisis (IUPP) Asociaci\u00f3n Psicoanal\u00edtica Mexicana (APM) Maestr\u00eda en Psicoterapia General Federaci\u00f3n Psicoanal\u00edtica de Am\u00e9rica Latina (FEPAL) International Psychoanalytic Association (IPA) Otros enlaces de inter\u00e9s Asociaci\u00f3n Psicoanal\u00edtica de Buenos Aires (APdeBA) Instituto Universitario de Salud Mental (IUSAM) Society for Psychotherapy Research University College London &#8211; Psychoanalysis Unit The American Academy of Psychoanalysis and Dynamic Psychiatry Psychoanalytic Research Consortium &nbsp;<\/p>\n","protected":false},"author":1,"featured_media":0,"parent":0,"menu_order":0,"comment_status":"open","ping_status":"open","template":"","meta":{"footnotes":""},"class_list":["post-115","page","type-page","status-publish","hentry"],"yoast_head":"<!-- This site is optimized with the Yoast SEO plugin v24.5 - https:\/\/yoast.com\/wordpress\/plugins\/seo\/ -->\n<title>Enlaces de inter\u00e9s - Red Latinoamericana de Programas de Posgrado en Psicoan\u00e1lisis<\/title>\n<meta name=\"description\" content=\"Miembros de la Red Asociaci\u00f3n Psicoanal\u00edtica Argentina (APA) Pontificia Universidad Cat\u00f3lica del Per\u00fa (PUCP) Maestr\u00eda en Estudios Te\u00f3ricos en\" \/>\n<meta name=\"robots\" content=\"index, follow, max-snippet:-1, max-image-preview:large, max-video-preview:-1\" \/>\n<link rel=\"canonical\" href=\"https:\/\/red.pucp.edu.pe\/psicoanalisis\/enlaces-de-interes\/\" \/>\n<meta property=\"og:locale\" content=\"es_ES\" \/>\n<meta property=\"og:type\" content=\"article\" \/>\n<meta property=\"og:title\" content=\"Enlaces de inter\u00e9s - Red Latinoamericana de Programas de Posgrado en Psicoan\u00e1lisis\" \/>\n<meta property=\"og:description\" content=\"Miembros de la Red Asociaci\u00f3n Psicoanal\u00edtica Argentina (APA) Pontificia Universidad Cat\u00f3lica del Per\u00fa (PUCP) Maestr\u00eda en Estudios Te\u00f3ricos en\" \/>\n<meta property=\"og:url\" content=\"https:\/\/red.pucp.edu.pe\/psicoanalisis\/enlaces-de-interes\/\" \/>\n<meta property=\"og:site_name\" content=\"Red Latinoamericana de Programas de Posgrado en Psicoan\u00e1lisis\" \/>\n<meta property=\"article:modified_time\" content=\"2016-02-11T20:51:17+00:00\" \/>\n<meta name=\"twitter:label1\" content=\"Tiempo de lectura\" \/>\n\t<meta name=\"twitter:data1\" content=\"1 minuto\" \/>\n<script type=\"application\/ld+json\" class=\"yoast-schema-graph\">{\"@context\":\"https:\/\/schema.org\",\"@graph\":[{\"@type\":\"WebPage\",\"@id\":\"https:\/\/red.pucp.edu.pe\/psicoanalisis\/enlaces-de-interes\/\",\"url\":\"https:\/\/red.pucp.edu.pe\/psicoanalisis\/enlaces-de-interes\/\",\"name\":\"Enlaces de inter\u00e9s - Red Latinoamericana de Programas de Posgrado en Psicoan\u00e1lisis\",\"isPartOf\":{\"@id\":\"https:\/\/red.pucp.edu.pe\/psicoanalisis\/#website\"},\"datePublished\":\"2014-04-04T17:27:01+00:00\",\"dateModified\":\"2016-02-11T20:51:17+00:00\",\"description\":\"Miembros de la Red Asociaci\u00f3n Psicoanal\u00edtica Argentina (APA) Pontificia Universidad Cat\u00f3lica del Per\u00fa (PUCP) Maestr\u00eda en Estudios Te\u00f3ricos en\",\"inLanguage\":\"es\",\"potentialAction\":[{\"@type\":\"ReadAction\",\"target\":[\"https:\/\/red.pucp.edu.pe\/psicoanalisis\/enlaces-de-interes\/\"]}]},{\"@type\":\"WebSite\",\"@id\":\"https:\/\/red.pucp.edu.pe\/psicoanalisis\/#website\",\"url\":\"https:\/\/red.pucp.edu.pe\/psicoanalisis\/\",\"name\":\"Red Latinoamericana de Programas de Posgrado en Psicoan\u00e1lisis\",\"description\":\"Red Latinoamericana de Programas de Posgrado en Psicoan\u00e1lisis\",\"potentialAction\":[{\"@type\":\"SearchAction\",\"target\":{\"@type\":\"EntryPoint\",\"urlTemplate\":\"https:\/\/red.pucp.edu.pe\/psicoanalisis\/?s={search_term_string}\"},\"query-input\":{\"@type\":\"PropertyValueSpecification\",\"valueRequired\":true,\"valueName\":\"search_term_string\"}}],\"inLanguage\":\"es\"}]}<\/script>\n<!-- \/ Yoast SEO plugin. -->","yoast_head_json":{"title":"Enlaces de inter\u00e9s - Red Latinoamericana de Programas de Posgrado en Psicoan\u00e1lisis","description":"Miembros de la Red Asociaci\u00f3n Psicoanal\u00edtica Argentina (APA) Pontificia Universidad Cat\u00f3lica del Per\u00fa (PUCP) Maestr\u00eda en Estudios Te\u00f3ricos en","robots":{"index":"index","follow":"follow","max-snippet":"max-snippet:-1","max-image-preview":"max-image-preview:large","max-video-preview":"max-video-preview:-1"},"canonical":"https:\/\/red.pucp.edu.pe\/psicoanalisis\/enlaces-de-interes\/","og_locale":"es_ES","og_type":"article","og_title":"Enlaces de inter\u00e9s - Red Latinoamericana de Programas de Posgrado en Psicoan\u00e1lisis","og_description":"Miembros de la Red Asociaci\u00f3n Psicoanal\u00edtica Argentina (APA) Pontificia Universidad Cat\u00f3lica del Per\u00fa (PUCP) Maestr\u00eda en Estudios Te\u00f3ricos en","og_url":"https:\/\/red.pucp.edu.pe\/psicoanalisis\/enlaces-de-interes\/","og_site_name":"Red Latinoamericana de Programas de Posgrado en Psicoan\u00e1lisis","article_modified_time":"2016-02-11T20:51:17+00:00","twitter_misc":{"Tiempo de lectura":"1 minuto"},"schema":{"@context":"https:\/\/schema.org","@graph":[{"@type":"WebPage","@id":"https:\/\/red.pucp.edu.pe\/psicoanalisis\/enlaces-de-interes\/","url":"https:\/\/red.pucp.edu.pe\/psicoanalisis\/enlaces-de-interes\/","name":"Enlaces de inter\u00e9s - Red Latinoamericana de Programas de Posgrado en Psicoan\u00e1lisis","isPartOf":{"@id":"https:\/\/red.pucp.edu.pe\/psicoanalisis\/#website"},"datePublished":"2014-04-04T17:27:01+00:00","dateModified":"2016-02-11T20:51:17+00:00","description":"Miembros de la Red Asociaci\u00f3n Psicoanal\u00edtica Argentina (APA) Pontificia Universidad Cat\u00f3lica del Per\u00fa (PUCP) Maestr\u00eda en Estudios Te\u00f3ricos en","inLanguage":"es","potentialAction":[{"@type":"ReadAction","target":["https:\/\/red.pucp.edu.pe\/psicoanalisis\/enlaces-de-interes\/"]}]},{"@type":"WebSite","@id":"https:\/\/red.pucp.edu.pe\/psicoanalisis\/#website","url":"https:\/\/red.pucp.edu.pe\/psicoanalisis\/","name":"Red Latinoamericana de Programas de Posgrado en Psicoan\u00e1lisis","description":"Red Latinoamericana de Programas de Posgrado en Psicoan\u00e1lisis","potentialAction":[{"@type":"SearchAction","target":{"@type":"EntryPoint","urlTemplate":"https:\/\/red.pucp.edu.pe\/psicoanalisis\/?s={search_term_string}"},"query-input":{"@type":"PropertyValueSpecification","valueRequired":true,"valueName":"search_term_string"}}],"inLanguage":"es"}]}},"_links":{"self":[{"href":"https:\/\/red.pucp.edu.pe\/psicoanalisis\/wp-json\/wp\/v2\/pages\/115","targetHints":{"allow":["GET"]}}],"collection":[{"href":"https:\/\/red.pucp.edu.pe\/psicoanalisis\/wp-json\/wp\/v2\/pages"}],"about":[{"href":"https:\/\/red.pucp.edu.pe\/psicoanalisis\/wp-json\/wp\/v2\/types\/page"}],"author":[{"embeddable":true,"href":"https:\/\/red.pucp.edu.pe\/psicoanalisis\/wp-json\/wp\/v2\/users\/1"}],"replies":[{"embeddable":true,"href":"https:\/\/red.pucp.edu.pe\/psicoanalisis\/wp-json\/wp\/v2\/comments?post=115"}],"version-history":[{"count":0,"href":"https:\/\/red.pucp.edu.pe\/psicoanalisis\/wp-json\/wp\/v2\/pages\/115\/revisions"}],"wp:attachment":[{"href":"https:\/\/red.pucp.edu.pe\/psicoanalisis\/wp-json\/wp\/v2\/media?parent=115"}],"curies":[{"name":"wp","href":"https:\/\/api.w.org\/{rel}","templated":true}]}}