{"id":1229,"date":"2025-05-12T18:36:00","date_gmt":"2025-05-12T23:36:00","guid":{"rendered":"https:\/\/red.pucp.edu.pe\/cipher\/?page_id=1229"},"modified":"2025-05-26T15:12:34","modified_gmt":"2025-05-26T20:12:34","slug":"reglamento","status":"publish","type":"page","link":"https:\/\/red.pucp.edu.pe\/cipher\/nosotros\/reglamento\/","title":{"rendered":"Reglamento"},"content":{"rendered":"","protected":false},"excerpt":{"rendered":"","protected":false},"author":4,"featured_media":0,"parent":10,"menu_order":0,"comment_status":"closed","ping_status":"closed","template":"","meta":{"_acf_changed":false},"class_list":["post-1229","page","type-page","status-publish","hentry"],"acf":[],"yoast_head":"<!-- This site is optimized with the Yoast SEO plugin v27.0 - https:\/\/yoast.com\/product\/yoast-seo-wordpress\/ -->\n<title>Reglamento - C\u00edrculo Peruano de Fenomenolog\u00eda y Hermen\u00e9utica - CIPHER PUCP<\/title>\n<meta name=\"robots\" content=\"index, follow, max-snippet:-1, max-image-preview:large, max-video-preview:-1\" \/>\n<link rel=\"canonical\" href=\"https:\/\/red.pucp.edu.pe\/cipher\/nosotros\/reglamento\/\" \/>\n<meta property=\"og:locale\" content=\"es_ES\" \/>\n<meta property=\"og:type\" content=\"article\" \/>\n<meta property=\"og:title\" content=\"Reglamento - C\u00edrculo Peruano de Fenomenolog\u00eda y Hermen\u00e9utica - CIPHER PUCP\" \/>\n<meta property=\"og:url\" content=\"https:\/\/red.pucp.edu.pe\/cipher\/nosotros\/reglamento\/\" \/>\n<meta property=\"og:site_name\" content=\"C\u00edrculo Peruano de Fenomenolog\u00eda y Hermen\u00e9utica - CIPHER PUCP\" \/>\n<meta property=\"article:modified_time\" content=\"2025-05-26T20:12:34+00:00\" \/>\n<meta name=\"twitter:card\" content=\"summary_large_image\" \/>\n<script type=\"application\/ld+json\" class=\"yoast-schema-graph\">{\"@context\":\"https:\/\/schema.org\",\"@graph\":[{\"@type\":\"WebPage\",\"@id\":\"https:\/\/red.pucp.edu.pe\/cipher\/nosotros\/reglamento\/\",\"url\":\"https:\/\/red.pucp.edu.pe\/cipher\/nosotros\/reglamento\/\",\"name\":\"Reglamento - C\u00edrculo Peruano de Fenomenolog\u00eda y Hermen\u00e9utica - CIPHER PUCP\",\"isPartOf\":{\"@id\":\"https:\/\/red.pucp.edu.pe\/cipher\/#website\"},\"datePublished\":\"2025-05-12T23:36:00+00:00\",\"dateModified\":\"2025-05-26T20:12:34+00:00\",\"breadcrumb\":{\"@id\":\"https:\/\/red.pucp.edu.pe\/cipher\/nosotros\/reglamento\/#breadcrumb\"},\"inLanguage\":\"es\",\"potentialAction\":[{\"@type\":\"ReadAction\",\"target\":[[\"https:\/\/red.pucp.edu.pe\/cipher\/nosotros\/reglamento\/\"]]}]},{\"@type\":\"BreadcrumbList\",\"@id\":\"https:\/\/red.pucp.edu.pe\/cipher\/nosotros\/reglamento\/#breadcrumb\",\"itemListElement\":[{\"@type\":\"ListItem\",\"position\":1,\"name\":\"Portada\",\"item\":\"https:\/\/red.pucp.edu.pe\/cipher\/\"},{\"@type\":\"ListItem\",\"position\":2,\"name\":\"Nosotros\",\"item\":\"https:\/\/red.pucp.edu.pe\/cipher\/nosotros\/\"},{\"@type\":\"ListItem\",\"position\":3,\"name\":\"Reglamento\"}]},{\"@type\":\"WebSite\",\"@id\":\"https:\/\/red.pucp.edu.pe\/cipher\/#website\",\"url\":\"https:\/\/red.pucp.edu.pe\/cipher\/\",\"name\":\"C\u00edrculo Peruano de Fenomenolog\u00eda y Hermen\u00e9utica - CIPHER PUCP\",\"description\":\"Brindamos un espacio para el intercambio y la investigaci\u00f3n en fenomenolog\u00eda y hermen\u00e9utica.\",\"potentialAction\":[{\"@type\":\"SearchAction\",\"target\":{\"@type\":\"EntryPoint\",\"urlTemplate\":\"https:\/\/red.pucp.edu.pe\/cipher\/?s={search_term_string}\"},\"query-input\":{\"@type\":\"PropertyValueSpecification\",\"valueRequired\":true,\"valueName\":\"search_term_string\"}}],\"inLanguage\":\"es\"}]}<\/script>\n<!-- \/ Yoast SEO plugin. -->","yoast_head_json":{"title":"Reglamento - C\u00edrculo Peruano de Fenomenolog\u00eda y Hermen\u00e9utica - CIPHER PUCP","robots":{"index":"index","follow":"follow","max-snippet":"max-snippet:-1","max-image-preview":"max-image-preview:large","max-video-preview":"max-video-preview:-1"},"canonical":"https:\/\/red.pucp.edu.pe\/cipher\/nosotros\/reglamento\/","og_locale":"es_ES","og_type":"article","og_title":"Reglamento - C\u00edrculo Peruano de Fenomenolog\u00eda y Hermen\u00e9utica - CIPHER PUCP","og_url":"https:\/\/red.pucp.edu.pe\/cipher\/nosotros\/reglamento\/","og_site_name":"C\u00edrculo Peruano de Fenomenolog\u00eda y Hermen\u00e9utica - CIPHER PUCP","article_modified_time":"2025-05-26T20:12:34+00:00","twitter_card":"summary_large_image","schema":{"@context":"https:\/\/schema.org","@graph":[{"@type":"WebPage","@id":"https:\/\/red.pucp.edu.pe\/cipher\/nosotros\/reglamento\/","url":"https:\/\/red.pucp.edu.pe\/cipher\/nosotros\/reglamento\/","name":"Reglamento - C\u00edrculo Peruano de Fenomenolog\u00eda y Hermen\u00e9utica - CIPHER PUCP","isPartOf":{"@id":"https:\/\/red.pucp.edu.pe\/cipher\/#website"},"datePublished":"2025-05-12T23:36:00+00:00","dateModified":"2025-05-26T20:12:34+00:00","breadcrumb":{"@id":"https:\/\/red.pucp.edu.pe\/cipher\/nosotros\/reglamento\/#breadcrumb"},"inLanguage":"es","potentialAction":[{"@type":"ReadAction","target":[["https:\/\/red.pucp.edu.pe\/cipher\/nosotros\/reglamento\/"]]}]},{"@type":"BreadcrumbList","@id":"https:\/\/red.pucp.edu.pe\/cipher\/nosotros\/reglamento\/#breadcrumb","itemListElement":[{"@type":"ListItem","position":1,"name":"Portada","item":"https:\/\/red.pucp.edu.pe\/cipher\/"},{"@type":"ListItem","position":2,"name":"Nosotros","item":"https:\/\/red.pucp.edu.pe\/cipher\/nosotros\/"},{"@type":"ListItem","position":3,"name":"Reglamento"}]},{"@type":"WebSite","@id":"https:\/\/red.pucp.edu.pe\/cipher\/#website","url":"https:\/\/red.pucp.edu.pe\/cipher\/","name":"C\u00edrculo Peruano de Fenomenolog\u00eda y Hermen\u00e9utica - CIPHER PUCP","description":"Brindamos un espacio para el intercambio y la investigaci\u00f3n en fenomenolog\u00eda y hermen\u00e9utica.","potentialAction":[{"@type":"SearchAction","target":{"@type":"EntryPoint","urlTemplate":"https:\/\/red.pucp.edu.pe\/cipher\/?s={search_term_string}"},"query-input":{"@type":"PropertyValueSpecification","valueRequired":true,"valueName":"search_term_string"}}],"inLanguage":"es"}]}},"_links":{"self":[{"href":"https:\/\/red.pucp.edu.pe\/cipher\/wp-json\/wp\/v2\/pages\/1229","targetHints":{"allow":["GET"]}}],"collection":[{"href":"https:\/\/red.pucp.edu.pe\/cipher\/wp-json\/wp\/v2\/pages"}],"about":[{"href":"https:\/\/red.pucp.edu.pe\/cipher\/wp-json\/wp\/v2\/types\/page"}],"author":[{"embeddable":true,"href":"https:\/\/red.pucp.edu.pe\/cipher\/wp-json\/wp\/v2\/users\/4"}],"replies":[{"embeddable":true,"href":"https:\/\/red.pucp.edu.pe\/cipher\/wp-json\/wp\/v2\/comments?post=1229"}],"version-history":[{"count":7,"href":"https:\/\/red.pucp.edu.pe\/cipher\/wp-json\/wp\/v2\/pages\/1229\/revisions"}],"predecessor-version":[{"id":1249,"href":"https:\/\/red.pucp.edu.pe\/cipher\/wp-json\/wp\/v2\/pages\/1229\/revisions\/1249"}],"up":[{"embeddable":true,"href":"https:\/\/red.pucp.edu.pe\/cipher\/wp-json\/wp\/v2\/pages\/10"}],"wp:attachment":[{"href":"https:\/\/red.pucp.edu.pe\/cipher\/wp-json\/wp\/v2\/media?parent=1229"}],"curies":[{"name":"wp","href":"https:\/\/api.w.org\/{rel}","templated":true}]}}